{"id":32,"date":"2025-08-07T23:18:42","date_gmt":"2025-08-07T23:18:42","guid":{"rendered":"https:\/\/institutoprisara.com.br\/blog\/?page_id=32"},"modified":"2025-08-10T00:09:51","modified_gmt":"2025-08-10T00:09:51","slug":"instituto-prisara","status":"publish","type":"page","link":"https:\/\/institutoprisara.com.br\/blog\/instituto-prisara\/","title":{"rendered":"Instituto Prisara"},"content":{"rendered":"\n<p><\/p>\n\n\n\n<div class=\"wp-block-group is-nowrap is-layout-flex wp-container-core-group-is-layout-6c531013 wp-block-group-is-layout-flex\">\n<figure class=\"wp-block-image size-full is-resized\"><img loading=\"lazy\" decoding=\"async\" width=\"500\" height=\"500\" src=\"https:\/\/institutoprisara.com.br\/blog\/wp-content\/uploads\/2025\/08\/logos-INSTITUTO-1.png\" alt=\"\" class=\"wp-image-34\" style=\"width:227px;height:auto\" srcset=\"https:\/\/institutoprisara.com.br\/blog\/wp-content\/uploads\/2025\/08\/logos-INSTITUTO-1.png 500w, https:\/\/institutoprisara.com.br\/blog\/wp-content\/uploads\/2025\/08\/logos-INSTITUTO-1-300x300.png 300w, https:\/\/institutoprisara.com.br\/blog\/wp-content\/uploads\/2025\/08\/logos-INSTITUTO-1-150x150.png 150w\" sizes=\"auto, (max-width: 500px) 100vw, 500px\" \/><\/figure>\n\n\n\n<p>O <strong><a href=\"https:\/\/www.institutoprisara.com.br\/\">Instituto Prisara<\/a> <\/strong>de Forma\u00e7\u00e3o e Treinamento \u00e9 uma institui\u00e7\u00e3o de ensino privada, com sede no Rio de Janeiro, dedicada \u00e0 oferta de cursos de qualidade e \u00e0 capacita\u00e7\u00e3o profissional. Antes conhecido como E-CURSOS LIVRES E TREINAMENTO GERENCIAL LTDA, fundado em 2017, nosso nome foi atualizado para refletir melhor os novos objetivos, abrang\u00eancia e compromisso com a forma\u00e7\u00e3o de nossos alunos.<\/p>\n<\/div>\n\n\n\n<div class=\"wp-block-group is-nowrap is-layout-flex wp-container-core-group-is-layout-6c531013 wp-block-group-is-layout-flex\">\n<p>Oferecemos uma plataforma online com diversos cursos, muitos deles gratuitos, com carga hor\u00e1ria de at\u00e9 160 horas, abrangendo mais de 22 \u00e1reas do conhecimento. Nosso portf\u00f3lio inclui cursos nas \u00e1reas de Administra\u00e7\u00e3o, Atendimento ao Cliente, Ci\u00eancias Biol\u00f3gicas, Comunica\u00e7\u00e3o e Marketing, Contabilidade e Economia, Direito, Educa\u00e7\u00e3o e Pedagogia, Engenharias, Gest\u00e3o P\u00fablica, Idiomas, Inform\u00e1tica, Meio Ambiente, Nutri\u00e7\u00e3o, Psicologia, Recursos Humanos, Rotinas Administrativas, Sa\u00fade e Higiene no Trabalho, Servi\u00e7o Social, Turismo e Hotelaria, Veterin\u00e1ria, entre outros.<\/p>\n<\/div>\n\n\n\n<p>Nos orgulhamos de oferecer um servi\u00e7o de qualidade, com atendimento \u00e1gil e atencioso, garantindo que nossos alunos tenham uma experi\u00eancia de aprendizado eficaz e motivadora.<\/p>\n\n\n\n<p>Estamos localizados na Av. Pres. Kennedy, 735 &#8211; Sala 110 &#8211; Estrela do Norte, S\u00e3o Gon\u00e7alo &#8211; RJ, 24445-795, inscritos no CNPJ: 28.318.381\/0001-70.<\/p>\n\n\n\n<p>Adotamos a metodologia de <a href=\"https:\/\/www.institutoprisara.com.br\/\">ensino \u00e0 dist\u00e2ncia<\/a> (EaD) como forma de facilitar o acesso \u00e0 educa\u00e7\u00e3o, permitindo que cada aluno organize seus estudos conforme sua rotina. A flexibilidade de hor\u00e1rios, combinada com a qualidade do conte\u00fado, torna nossos cursos uma excelente alternativa para quem deseja se qualificar, aprimorar o curr\u00edculo e conquistar novas oportunidades.<\/p>\n\n\n\n<p>A emiss\u00e3o dos certificados \u00e9 realizada ap\u00f3s o pagamento de uma taxa administrativa, e o documento \u00e9 disponibilizado diretamente na \u00e1rea do aluno. Ter um certificado emitido pelo<strong> <a href=\"https:\/\/www.institutoprisara.com.br\/\">Instituto Prisara de Forma\u00e7\u00e3o e Treinamento<\/a><\/strong> significa contar com a chancela de uma institui\u00e7\u00e3o reconhecida pela seriedade e pelo respeito no meio acad\u00eamico e profissional.<\/p>\n\n\n\n<figure class=\"wp-block-image size-full\"><img loading=\"lazy\" decoding=\"async\" width=\"376\" height=\"170\" src=\"https:\/\/institutoprisara.com.br\/blog\/wp-content\/uploads\/2025\/08\/cropped-logo.jpg\" alt=\"Instituto Prisara\" class=\"wp-image-8\" srcset=\"https:\/\/institutoprisara.com.br\/blog\/wp-content\/uploads\/2025\/08\/cropped-logo.jpg 376w, https:\/\/institutoprisara.com.br\/blog\/wp-content\/uploads\/2025\/08\/cropped-logo-300x136.jpg 300w\" sizes=\"auto, (max-width: 376px) 100vw, 376px\" \/><\/figure>\n\n\n\n<figure class=\"wp-block-image size-full\"><img loading=\"lazy\" decoding=\"async\" width=\"500\" height=\"500\" src=\"https:\/\/institutoprisara.com.br\/blog\/wp-content\/uploads\/2025\/08\/logos-INSTITUTO-2.png\" alt=\"\" class=\"wp-image-35\" srcset=\"https:\/\/institutoprisara.com.br\/blog\/wp-content\/uploads\/2025\/08\/logos-INSTITUTO-2.png 500w, https:\/\/institutoprisara.com.br\/blog\/wp-content\/uploads\/2025\/08\/logos-INSTITUTO-2-300x300.png 300w, https:\/\/institutoprisara.com.br\/blog\/wp-content\/uploads\/2025\/08\/logos-INSTITUTO-2-150x150.png 150w\" sizes=\"auto, (max-width: 500px) 100vw, 500px\" \/><\/figure>\n","protected":false},"excerpt":{"rendered":"<p>O Instituto Prisara de Forma\u00e7\u00e3o e Treinamento \u00e9 uma institui\u00e7\u00e3o de ensino privada, com sede no Rio de Janeiro, dedicada \u00e0 oferta de cursos de qualidade e \u00e0 capacita\u00e7\u00e3o profissional. Antes conhecido como E-CURSOS LIVRES E TREINAMENTO GERENCIAL LTDA, fundado em 2017, nosso nome foi atualizado para refletir melhor os novos objetivos, abrang\u00eancia e compromisso [&hellip;]<\/p>\n","protected":false},"author":1,"featured_media":0,"parent":0,"menu_order":0,"comment_status":"closed","ping_status":"closed","template":"","meta":{"footnotes":""},"class_list":["post-32","page","type-page","status-publish","hentry"],"_links":{"self":[{"href":"https:\/\/institutoprisara.com.br\/blog\/wp-json\/wp\/v2\/pages\/32","targetHints":{"allow":["GET"]}}],"collection":[{"href":"https:\/\/institutoprisara.com.br\/blog\/wp-json\/wp\/v2\/pages"}],"about":[{"href":"https:\/\/institutoprisara.com.br\/blog\/wp-json\/wp\/v2\/types\/page"}],"author":[{"embeddable":true,"href":"https:\/\/institutoprisara.com.br\/blog\/wp-json\/wp\/v2\/users\/1"}],"replies":[{"embeddable":true,"href":"https:\/\/institutoprisara.com.br\/blog\/wp-json\/wp\/v2\/comments?post=32"}],"version-history":[{"count":10,"href":"https:\/\/institutoprisara.com.br\/blog\/wp-json\/wp\/v2\/pages\/32\/revisions"}],"predecessor-version":[{"id":78,"href":"https:\/\/institutoprisara.com.br\/blog\/wp-json\/wp\/v2\/pages\/32\/revisions\/78"}],"wp:attachment":[{"href":"https:\/\/institutoprisara.com.br\/blog\/wp-json\/wp\/v2\/media?parent=32"}],"curies":[{"name":"wp","href":"https:\/\/api.w.org\/{rel}","templated":true}]}}