{"id":580,"date":"2026-03-24T18:19:40","date_gmt":"2026-03-24T18:19:40","guid":{"rendered":"https:\/\/institutoprisara.com.br\/blog\/?page_id=580"},"modified":"2026-03-24T18:26:08","modified_gmt":"2026-03-24T18:26:08","slug":"sobre","status":"publish","type":"page","link":"https:\/\/institutoprisara.com.br\/blog\/sobre\/","title":{"rendered":"Sobre"},"content":{"rendered":"\n<p>Sobre o Instituto Prisara<\/p>\n\n\n\n<p>O <a href=\"https:\/\/www.institutoprisara.com.br\/\">Instituto Prisara<\/a> de Forma\u00e7\u00e3o e Treinamento \u00e9 uma institui\u00e7\u00e3o privada de ensino com sede no Rio de Janeiro, fundada em 2017. Inicialmente conhecida como E-Cursos Livres, a organiza\u00e7\u00e3o iniciou suas atividades com a oferta de cursos livres na modalidade on-line, abrangendo diversas \u00e1reas do conhecimento e voltados \u00e0 forma\u00e7\u00e3o continuada.<\/p>\n\n\n\n<p>Desde sua cria\u00e7\u00e3o, o Instituto Prisara atua na produ\u00e7\u00e3o e dissemina\u00e7\u00e3o de conte\u00fados educacionais, com foco em acessibilidade, atualiza\u00e7\u00e3o constante e qualidade acad\u00eamica. Seus cursos, com carga hor\u00e1ria de at\u00e9 160 horas, atendem diferentes perfis de estudantes e profissionais interessados em qualifica\u00e7\u00e3o e desenvolvimento.<\/p>\n\n\n\n<p>Em 2025, a institui\u00e7\u00e3o passou por um processo de reestrutura\u00e7\u00e3o institucional e adotou a atual denomina\u00e7\u00e3o, Instituto Prisara de Forma\u00e7\u00e3o e Treinamento, refletindo a amplia\u00e7\u00e3o de suas atividades no campo educacional e cient\u00edfico.<\/p>\n\n\n\n<p>Entre suas principais iniciativas, destaca-se a cria\u00e7\u00e3o do peri\u00f3dico cient\u00edfico Revista Prisara, dedicado \u00e0 publica\u00e7\u00e3o de trabalhos acad\u00eamicos e \u00e0 difus\u00e3o do conhecimento nas \u00e1reas de educa\u00e7\u00e3o, tecnologia e inova\u00e7\u00e3o. A revista integra as a\u00e7\u00f5es do Instituto voltadas ao fortalecimento da produ\u00e7\u00e3o cient\u00edfica e ao incentivo \u00e0 pesquisa interdisciplinar.<\/p>\n\n\n\n<p>O Instituto tamb\u00e9m mant\u00e9m parcerias institucionais com organiza\u00e7\u00f5es de ensino superior, atuando na divulga\u00e7\u00e3o e capta\u00e7\u00e3o de alunos para cursos de <a href=\"https:\/\/www.institutoprisara.com.br\/curso\/pos-graduacao\/\">p\u00f3s-gradua\u00e7\u00e3o<\/a> lato sensu, ampliando o acesso \u00e0 forma\u00e7\u00e3o acad\u00eamica especializada.<\/p>\n\n\n\n<p>Com atua\u00e7\u00e3o voltada \u00e0 educa\u00e7\u00e3o, pesquisa e produ\u00e7\u00e3o de conte\u00fado, o Instituto Prisara busca contribuir para o desenvolvimento profissional e intelectual, acompanhando as transforma\u00e7\u00f5es sociais e tecnol\u00f3gicas contempor\u00e2neas.<\/p>\n\n\n\n<p><\/p>\n","protected":false},"excerpt":{"rendered":"<p>Sobre o Instituto Prisara O Instituto Prisara de Forma\u00e7\u00e3o e Treinamento \u00e9 uma institui\u00e7\u00e3o privada de ensino com sede no Rio de Janeiro, fundada em 2017. Inicialmente conhecida como E-Cursos Livres, a organiza\u00e7\u00e3o iniciou suas atividades com a oferta de cursos livres na modalidade on-line, abrangendo diversas \u00e1reas do conhecimento e voltados \u00e0 forma\u00e7\u00e3o continuada. [&hellip;]<\/p>\n","protected":false},"author":1,"featured_media":0,"parent":0,"menu_order":3,"comment_status":"closed","ping_status":"closed","template":"","meta":{"footnotes":""},"class_list":["post-580","page","type-page","status-publish","hentry"],"_links":{"self":[{"href":"https:\/\/institutoprisara.com.br\/blog\/wp-json\/wp\/v2\/pages\/580","targetHints":{"allow":["GET"]}}],"collection":[{"href":"https:\/\/institutoprisara.com.br\/blog\/wp-json\/wp\/v2\/pages"}],"about":[{"href":"https:\/\/institutoprisara.com.br\/blog\/wp-json\/wp\/v2\/types\/page"}],"author":[{"embeddable":true,"href":"https:\/\/institutoprisara.com.br\/blog\/wp-json\/wp\/v2\/users\/1"}],"replies":[{"embeddable":true,"href":"https:\/\/institutoprisara.com.br\/blog\/wp-json\/wp\/v2\/comments?post=580"}],"version-history":[{"count":1,"href":"https:\/\/institutoprisara.com.br\/blog\/wp-json\/wp\/v2\/pages\/580\/revisions"}],"predecessor-version":[{"id":581,"href":"https:\/\/institutoprisara.com.br\/blog\/wp-json\/wp\/v2\/pages\/580\/revisions\/581"}],"wp:attachment":[{"href":"https:\/\/institutoprisara.com.br\/blog\/wp-json\/wp\/v2\/media?parent=580"}],"curies":[{"name":"wp","href":"https:\/\/api.w.org\/{rel}","templated":true}]}}